{"id":125239,"date":"2020-01-20T05:00:23","date_gmt":"2020-01-20T04:00:23","guid":{"rendered":"https:\/\/colonfilm.com\/es\/?page_id=125239"},"modified":"2021-01-05T21:36:44","modified_gmt":"2021-01-05T20:36:44","slug":"sobre-nosotros","status":"publish","type":"page","link":"https:\/\/colonfilm.com\/es\/sobre-nosotros\/","title":{"rendered":"Sobre nosotros"},"content":{"rendered":"<p>[et_pb_section fb_built=\u00bb1&#8243; admin_label=\u00bbAbout Us\u00bb _builder_version=\u00bb4.7.6&#8243; background_image=\u00bbhttps:\/\/colonfilm.com\/es\/wp-content\/uploads\/2021\/01\/header-bg-2-new@colonfilm.webp\u00bb custom_margin=\u00bb0px||0px||true\u00bb custom_padding=\u00bb20px|0|20px||true|false\u00bb top_divider_color=\u00bb#ffffff\u00bb top_divider_height=\u00bb18vw\u00bb top_divider_flip=\u00bbhorizontal\u00bb bottom_divider_style=\u00bbramp\u00bb bottom_divider_color=\u00bb#ffffff\u00bb bottom_divider_height=\u00bb13vw\u00bb bottom_divider_flip=\u00bbvertical\u00bb bottom_divider_arrangement=\u00bbabove_content\u00bb hover_enabled=\u00bb0&#8243; locked=\u00bboff\u00bb title_text=\u00bbheader-bg-2-new@colonfilm\u00bb sticky_enabled=\u00bb0&#8243;][et_pb_row column_structure=\u00bb1_2,1_2&#8243; use_custom_gutter=\u00bbon\u00bb gutter_width=\u00bb2&#8243; make_equal=\u00bbon\u00bb padding_top_bottom_link_1=\u00bbfalse\u00bb padding_top_bottom_link_2=\u00bbtrue\u00bb _builder_version=\u00bb4.1&#8243; module_alignment=\u00bbcenter\u00bb custom_padding=\u00bb0px|0px|0px|0px|true|true\u00bb][et_pb_column type=\u00bb1_2&#8243; _builder_version=\u00bb4.1&#8243; custom_padding=\u00bb2vw||||false|false\u00bb custom_padding__hover=\u00bb|||\u00bb][et_pb_image src=\u00bbhttps:\/\/colonfilm.com\/es\/wp-content\/uploads\/2021\/01\/colonfilm-family-2-new@colonfilm.webp\u00bb show_bottom_space=\u00bboff\u00bb align=\u00bbcenter\u00bb align_tablet=\u00bbcenter\u00bb align_phone=\u00bb\u00bb align_last_edited=\u00bbon|desktop\u00bb _builder_version=\u00bb4.7.6&#8243; hover_enabled=\u00bb0&#8243; title_text=\u00bbcolonfilm-family-2-new@colonfilm\u00bb sticky_enabled=\u00bb0&#8243;][\/et_pb_image][\/et_pb_column][et_pb_column type=\u00bb1_2&#8243; _builder_version=\u00bb4.1&#8243; custom_padding=\u00bb3vw||17vw||false|false\u00bb custom_padding_tablet=\u00bb0vw||21vw||false|false\u00bb custom_padding_phone=\u00bb\u00bb custom_padding_last_edited=\u00bbon|desktop\u00bb custom_padding__hover=\u00bb|||\u00bb][et_pb_text _builder_version=\u00bb4.3.1&#8243; text_font=\u00bbMontserrat|300|||||||\u00bb header_font=\u00bb||||||||\u00bb background_layout=\u00bbdark\u00bb]<\/p>\n<h2>Sobre nosotros<\/h2>\n<p>[\/et_pb_text][et_pb_text _builder_version=\u00bb4.3.1&#8243; text_font=\u00bbMontserrat|300|||||||\u00bb header_font=\u00bb||||||||\u00bb text_orientation=\u00bbjustified\u00bb background_layout=\u00bbdark\u00bb]<\/p>\n<p>Bienvenidos a COLONFILM. Somos David y Florence, una pareja feliz que comparte la pasi\u00f3n por el dise\u00f1o creativo. Juntos construimos nuestra propia compa\u00f1\u00eda, donde hemos estado trabajando como profesionales del dise\u00f1o gr\u00e1fico y la producci\u00f3n audiovisual por m\u00e1s de 7 a\u00f1os. Hemos ganado varios premios internacionales, incluyendo el mejor dise\u00f1o web en Zaragoza 2015 o el mejor p\u00f3ster de cine en el Festival Internacional de Cine en Roma, as\u00ed que consideramos que tenemos la habilidad y las herramientas para desarrollar cualquier proyecto. Creamos hermosos dise\u00f1os, de alta calidad que han ayudado a lograr sus metas a m\u00e1s de 2000 compa\u00f1\u00edas e individuos a nivel mundial.<\/p>\n<p>[\/et_pb_text][\/et_pb_column][\/et_pb_row][\/et_pb_section][et_pb_section fb_built=\u00bb1&#8243; _builder_version=\u00bb3.22&#8243; background_color=\u00bb#ffffff\u00bb custom_padding=\u00bb0px|0px|54px|0px|false|false\u00bb locked=\u00bboff\u00bb][et_pb_row _builder_version=\u00bb3.25&#8243; custom_padding=\u00bb26px|0px|27px|0px|false|false\u00bb][et_pb_column type=\u00bb4_4&#8243; _builder_version=\u00bb3.25&#8243; custom_padding=\u00bb|||\u00bb custom_padding__hover=\u00bb|||\u00bb][et_pb_image src=\u00bbhttps:\/\/colonfilm.com\/es\/wp-content\/uploads\/2020\/01\/colonfilm-logo-new-dark.png\u00bb align=\u00bbcenter\u00bb align_tablet=\u00bbcenter\u00bb align_phone=\u00bb\u00bb align_last_edited=\u00bbon|desktop\u00bb _builder_version=\u00bb3.23&#8243; max_width=\u00bb33%\u00bb module_alignment=\u00bbcenter\u00bb custom_padding=\u00bb4vw||4vw||true\u00bb][\/et_pb_image][\/et_pb_column][\/et_pb_row][et_pb_row column_structure=\u00bb1_2,1_2&#8243; use_custom_gutter=\u00bbon\u00bb gutter_width=\u00bb4&#8243; make_equal=\u00bbon\u00bb padding_top_bottom_link_1=\u00bbtrue\u00bb padding_top_bottom_link_2=\u00bbtrue\u00bb padding_top_bottom_link_3=\u00bbtrue\u00bb padding_left_right_link_1=\u00bbtrue\u00bb padding_left_right_link_2=\u00bbtrue\u00bb padding_left_right_link_3=\u00bbtrue\u00bb _builder_version=\u00bb3.25&#8243; module_alignment=\u00bbcenter\u00bb custom_padding=\u00bb24px|0px|27px|0px|false|false\u00bb custom_width_px=\u00bb900px\u00bb background_color_1__hover_enabled=\u00bbon\u00bb][et_pb_column type=\u00bb1_2&#8243; _builder_version=\u00bb3.25&#8243; background_color_gradient_direction=\u00bb148deg\u00bb custom_padding=\u00bb0px|0px|0px|0px\u00bb background_color__hover_enabled=\u00bbon\u00bb custom_padding__hover=\u00bb|||\u00bb][et_pb_text admin_label=\u00bbTexto\u00bb _builder_version=\u00bb3.27.4&#8243; text_font_size=\u00bb30&#8243; text_line_height=\u00bb1.3em\u00bb header_font=\u00bb||||||||\u00bb header_3_font=\u00bb||||||||\u00bb header_3_text_color=\u00bb#000000&#8243; header_3_line_height=\u00bb1.5em\u00bb background_size=\u00bbinitial\u00bb background_position=\u00bbtop_left\u00bb background_repeat=\u00bbrepeat\u00bb text_orientation=\u00bbright\u00bb background_layout=\u00bbdark\u00bb module_alignment=\u00bbright\u00bb custom_margin=\u00bb||5px|\u00bb locked=\u00bboff\u00bb]<\/p>\n<h3 style=\"text-align: right;\">Un punto de encuentro para los amantes del cine.<\/h3>\n<p>[\/et_pb_text][et_pb_text admin_label=\u00bbTexto\u00bb _builder_version=\u00bb3.27.4&#8243; text_font=\u00bb||||||||\u00bb background_size=\u00bbinitial\u00bb background_position=\u00bbtop_left\u00bb background_repeat=\u00bbrepeat\u00bb text_orientation=\u00bbright\u00bb module_alignment=\u00bbright\u00bb custom_padding=\u00bb3vw||3vw||true\u00bb locked=\u00bboff\u00bb]<\/p>\n<p>&nbsp;<\/p>\n<p>Nos apasiona el dise\u00f1o. La mayor\u00eda de las personas piensan que el dise\u00f1o es como el envoltorio de un regalo, una simple decoraci\u00f3n. Para nosotros, nada es m\u00e1s importante en el mercado que el dise\u00f1o. Es una fuente de inspiraci\u00f3n, es la esencia y el lado humano de todo lo que nos rodea. Por eso ponemos tanta atenci\u00f3n a los detalles de nuestros dise\u00f1os. Si hay un tipo de dise\u00f1o que requiere mayor atenci\u00f3n, sin duda ser\u00edan los posters de cine. Estas peque\u00f1as obras de arte deben estar en el lugar que se merecen: IMDb es la fuente m\u00e1s popular en el mundo de cine, televisi\u00f3n y contenido sobre artistas. Una base inmensa con acceso a millones de pel\u00edculas, series, actores, dise\u00f1adores y dem\u00e1s profesionales del sector, con valoraciones de expertos que aman el cine tanto como nosotros. IMDb nos permite tener una relaci\u00f3n m\u00e1s directa entre todos los profesionales que formamos parte de la industria cinematogr\u00e1fica.<\/p>\n<p>[\/et_pb_text][et_pb_text _builder_version=\u00bb4.3.1&#8243;]<\/p>\n<h5 style=\"text-align: center;\">Bienvenido a mi perfil IMDb:<\/h5>\n<p>[\/et_pb_text][et_pb_image src=\u00bbhttps:\/\/colonfilm.com\/es\/wp-content\/uploads\/2020\/01\/Imdbprofile.png\u00bb url=\u00bbhttps:\/\/www.imdb.me\/davidcolon\u00bb url_new_window=\u00bbon\u00bb align=\u00bbcenter\u00bb align_tablet=\u00bbcenter\u00bb align_phone=\u00bb\u00bb align_last_edited=\u00bbon|desktop\u00bb admin_label=\u00bbImagen\u00bb _builder_version=\u00bb3.23&#8243; custom_margin=\u00bb-15px|||\u00bb animation_style=\u00bbslide\u00bb animation_direction=\u00bbleft\u00bb animation_duration=\u00bb500ms\u00bb animation_intensity_slide=\u00bb10%\u00bb locked=\u00bboff\u00bb][\/et_pb_image][et_pb_text admin_label=\u00bbTexto\u00bb _builder_version=\u00bb3.27.4&#8243; header_font=\u00bb||||||||\u00bb header_text_color=\u00bb#000000&#8243; header_3_font=\u00bb||||||||\u00bb header_3_text_color=\u00bb#000000&#8243; background_size=\u00bbinitial\u00bb background_position=\u00bbtop_left\u00bb background_repeat=\u00bbrepeat\u00bb text_orientation=\u00bbright\u00bb background_layout=\u00bbdark\u00bb module_alignment=\u00bbright\u00bb custom_margin=\u00bb||5px|\u00bb custom_padding=\u00bb3vw||\u00bb locked=\u00bboff\u00bb]<\/p>\n<h3 style=\"text-align: right;\">El compromiso de Colonfilm<br \/>con tu satisfacci\u00f3n<\/h3>\n<p>[\/et_pb_text][et_pb_text admin_label=\u00bbTexto\u00bb _builder_version=\u00bb3.27.4&#8243; text_font=\u00bb||||||||\u00bb background_size=\u00bbinitial\u00bb background_position=\u00bbtop_left\u00bb background_repeat=\u00bbrepeat\u00bb text_orientation=\u00bbright\u00bb module_alignment=\u00bbright\u00bb custom_padding=\u00bb3vw||3vw||true\u00bb locked=\u00bboff\u00bb]<\/p>\n<p>Tu confianza lo es todo para nosotros. Por eso respetamos tus ideas y las incluimos en nuestros trabajos para crear un producto profesional, sin abandonar la esencia de lo que deseas aportar.<\/p>\n<p>Nuestra filosof\u00eda es explicarte desde el primer momento qu\u00e9 va a pasar con tu proyecto y pedirte permiso antes de compartirla con todos los dem\u00e1s. Y si m\u00e1s adelante cambias de opini\u00f3n, te lo pondremos muy f\u00e1cil para anular tu consentimiento. Todos los productos de Colonfilm est\u00e1n dise\u00f1ados en torno a esos principios.<\/p>\n<p>Los m\u00e1s de 2.000 dise\u00f1os que Colonfilm ha entregado con \u00e9xito hasta este momento, est\u00e1n repartidos entre m\u00e1s de 70 pa\u00edses, siendo Estados Unidos el pa\u00eds con m\u00e1s demanda de pedidos (78%).<\/p>\n<p>Conseguir que Colonfilm sea un sin\u00f3nimo de garant\u00eda tanto en calidad como en satisfacci\u00f3n del cliente, no es cosa de un d\u00eda y s\u00e9 que ganarnos tu confianza no es f\u00e1cil. Por eso siempre nos hemos esforzado y nos seguiremos esforzando al m\u00e1ximo por merecerla y conservarla.<\/p>\n<p>[\/et_pb_text][et_pb_circle_counter title=\u00bbClientes satisfechos\u00bb number=\u00bb97&#8243; bar_bg_color=\u00bb#8300e9&#8243; circle_color=\u00bb#7f7f7f\u00bb admin_label=\u00bbContadores circulares\u00bb _builder_version=\u00bb3.21&#8243; title_font=\u00bb||||||||\u00bb title_text_color=\u00bb#000000&#8243; title_font_size=\u00bb25&#8243; title_letter_spacing=\u00bb1px\u00bb number_font_size=\u00bb40&#8243; locked=\u00bboff\u00bb][\/et_pb_circle_counter][\/et_pb_column][et_pb_column type=\u00bb1_2&#8243; _builder_version=\u00bb3.25&#8243; custom_padding=\u00bb0px|0px|0px|0px\u00bb custom_padding__hover=\u00bb|||\u00bb][et_pb_text admin_label=\u00bbTexto\u00bb _builder_version=\u00bb3.27.4&#8243; text_font_size=\u00bb30&#8243; text_line_height=\u00bb1.3em\u00bb header_font=\u00bb||||||||\u00bb header_3_font=\u00bb||||||||\u00bb header_3_text_align=\u00bbleft\u00bb header_3_text_color=\u00bb#000000&#8243; header_3_line_height=\u00bb1.5em\u00bb background_size=\u00bbinitial\u00bb background_position=\u00bbtop_left\u00bb background_repeat=\u00bbrepeat\u00bb text_orientation=\u00bbright\u00bb background_layout=\u00bbdark\u00bb module_alignment=\u00bbright\u00bb custom_margin=\u00bb||5px|\u00bb locked=\u00bboff\u00bb]<\/p>\n<h3 style=\"text-align: left;\">Las mejores aplicaciones creativas para un trabajo sin l\u00edmites.<\/h3>\n<p>[\/et_pb_text][et_pb_text admin_label=\u00bbTexto\u00bb _builder_version=\u00bb3.27.4&#8243; text_font=\u00bb||||||||\u00bb background_size=\u00bbinitial\u00bb background_position=\u00bbtop_left\u00bb background_repeat=\u00bbrepeat\u00bb custom_padding=\u00bb3vw||3vw||true\u00bb locked=\u00bboff\u00bb]<\/p>\n<p>Trabajo con las mejores aplicaciones creativas del mundo para que pueda convertir f\u00e1cilmente tus ideas m\u00e1s brillantes en el mejor trabajo que has visto nunca. Soy capaz de editar profesionalmente tanto en <strong>Adobe Premiere<\/strong> como en <strong>Final Cut<\/strong>, as\u00ed como en las potentes y vers\u00e1tiles aplicaciones de <strong>Creative Cloud<\/strong>. <strong>Photoshop<\/strong>, <strong>Illustrator<\/strong>, <strong>InDesign<\/strong>, etc.<\/p>\n<p>[\/et_pb_text][et_pb_image src=\u00bbhttps:\/\/colonfilm.com\/es\/wp-content\/uploads\/2020\/01\/adobeCC2015.jpg\u00bb align=\u00bbcenter\u00bb align_tablet=\u00bbcenter\u00bb align_phone=\u00bb\u00bb align_last_edited=\u00bbon|desktop\u00bb admin_label=\u00bbImagen\u00bb _builder_version=\u00bb3.23&#8243; animation_style=\u00bbslide\u00bb animation_direction=\u00bbright\u00bb animation_duration=\u00bb500ms\u00bb animation_intensity_slide=\u00bb10%\u00bb animation=\u00bbright\u00bb locked=\u00bboff\u00bb][\/et_pb_image][et_pb_text admin_label=\u00bbTexto\u00bb _builder_version=\u00bb3.27.4&#8243; text_font=\u00bb||||||||\u00bb background_size=\u00bbinitial\u00bb background_position=\u00bbtop_left\u00bb background_repeat=\u00bbrepeat\u00bb custom_padding=\u00bb3vw||3vw||true\u00bb locked=\u00bboff\u00bb]<\/p>\n<p>\u00bf<strong>Mac<\/strong> o <strong>PC<\/strong>? \u00bfY qu\u00e9 tal los dos? La plataforma en la que desees trabajar conmigo, no es un problema. Dispongo de dos equipos profesionales con los sistemas operativos m\u00e1s populares del planeta.<\/p>\n<p>[\/et_pb_text][et_pb_image src=\u00bbhttps:\/\/colonfilm.com\/es\/wp-content\/uploads\/2020\/03\/Habitaci\u00f3nmesadetrabajo-1024&#215;768-1.jpg\u00bb align=\u00bbcenter\u00bb align_tablet=\u00bbcenter\u00bb align_phone=\u00bb\u00bb align_last_edited=\u00bbon|desktop\u00bb admin_label=\u00bbImagen\u00bb _builder_version=\u00bb4.3.1&#8243; animation_style=\u00bbslide\u00bb animation_direction=\u00bbleft\u00bb animation_duration=\u00bb500ms\u00bb animation_intensity_slide=\u00bb10%\u00bb locked=\u00bboff\u00bb][\/et_pb_image][et_pb_counters bar_bg_color=\u00bb#e0e0e0&#8243; use_percentages=\u00bboff\u00bb admin_label=\u00bbContadores de barra\u00bb _builder_version=\u00bb3.21&#8243; title_text_color=\u00bb#b5b5b5&#8243; title_font_size=\u00bb14&#8243; title_line_height=\u00bb1.6em\u00bb background_color=\u00bbrgba(221,221,221,0.53)\u00bb background_layout=\u00bbdark\u00bb custom_margin=\u00bb5vw||5vw||true\u00bb custom_padding=\u00bb||||true\u00bb custom_padding_tablet=\u00bb|||\u00bb custom_padding_phone=\u00bb|||\u00bb custom_padding_last_edited=\u00bboff|desktop\u00bb locked=\u00bboff\u00bb][et_pb_counter percent=\u00bb95&#8243; _builder_version=\u00bb3.21&#8243; title_font=\u00bbMontserrat||||||||\u00bb title_text_color=\u00bb#000000&#8243; custom_margin=\u00bb2vw||0vw||false\u00bb background_color_default=\u00bbrgba(221,221,221,0.53)\u00bb background_enable_color_default=\u00bbon\u00bb parallax_default=\u00bboff\u00bb parallax_method_default=\u00bbon\u00bb bar_background_color_default=\u00bb#e0e0e0&#8243; use_percentages=\u00bboff\u00bb allow_player_pause_default=\u00bboff\u00bb] Photoshop CC 2019[\/et_pb_counter][et_pb_counter percent=\u00bb95&#8243; _builder_version=\u00bb3.0.74&#8243; title_font=\u00bbMontserrat||||||||\u00bb custom_margin=\u00bb2vw||0vw||false\u00bb background_color_default=\u00bbrgba(221,221,221,0.53)\u00bb background_enable_color_default=\u00bbon\u00bb parallax_default=\u00bboff\u00bb parallax_method_default=\u00bbon\u00bb bar_background_color_default=\u00bb#e0e0e0&#8243; use_percentages=\u00bboff\u00bb allow_player_pause_default=\u00bboff\u00bb] Illustrator CC 2019[\/et_pb_counter][et_pb_counter percent=\u00bb95&#8243; _builder_version=\u00bb3.0.74&#8243; title_font=\u00bbMontserrat||||||||\u00bb custom_margin=\u00bb2vw||0vw||false\u00bb background_color_default=\u00bbrgba(221,221,221,0.53)\u00bb background_enable_color_default=\u00bbon\u00bb parallax_default=\u00bboff\u00bb parallax_method_default=\u00bbon\u00bb bar_background_color_default=\u00bb#e0e0e0&#8243; use_percentages=\u00bboff\u00bb allow_player_pause_default=\u00bboff\u00bb] Premiere CC 2019[\/et_pb_counter][et_pb_counter percent=\u00bb95&#8243; _builder_version=\u00bb3.0.74&#8243; title_font=\u00bbMontserrat||||||||\u00bb custom_margin=\u00bb2vw||0vw||false\u00bb background_color_default=\u00bbrgba(221,221,221,0.53)\u00bb background_enable_color_default=\u00bbon\u00bb parallax_default=\u00bboff\u00bb parallax_method_default=\u00bbon\u00bb bar_background_color_default=\u00bb#e0e0e0&#8243; use_percentages=\u00bboff\u00bb allow_player_pause_default=\u00bboff\u00bb] After Effects CC 2019[\/et_pb_counter][et_pb_counter percent=\u00bb95&#8243; _builder_version=\u00bb3.0.74&#8243; title_font=\u00bbMontserrat||||||||\u00bb custom_margin=\u00bb2vw||0vw||false\u00bb background_color_default=\u00bbrgba(221,221,221,0.53)\u00bb background_enable_color_default=\u00bbon\u00bb parallax_default=\u00bboff\u00bb parallax_method_default=\u00bbon\u00bb bar_background_color_default=\u00bb#e0e0e0&#8243; use_percentages=\u00bboff\u00bb allow_player_pause_default=\u00bboff\u00bb] Final Cut Pro X [\/et_pb_counter][et_pb_counter percent=\u00bb95&#8243; _builder_version=\u00bb3.0.74&#8243; title_font=\u00bbMontserrat||||||||\u00bb custom_margin=\u00bb2vw||0vw||false\u00bb background_color_default=\u00bbrgba(221,221,221,0.53)\u00bb background_enable_color_default=\u00bbon\u00bb parallax_default=\u00bboff\u00bb parallax_method_default=\u00bbon\u00bb bar_background_color_default=\u00bb#e0e0e0&#8243; use_percentages=\u00bboff\u00bb allow_player_pause_default=\u00bboff\u00bb] Windows 10 [\/et_pb_counter][et_pb_counter percent=\u00bb95&#8243; _builder_version=\u00bb3.0.74&#8243; title_font=\u00bbMontserrat||||||||\u00bb custom_margin=\u00bb2vw||0vw||false\u00bb background_color_default=\u00bbrgba(221,221,221,0.53)\u00bb background_enable_color_default=\u00bbon\u00bb parallax_default=\u00bboff\u00bb parallax_method_default=\u00bbon\u00bb bar_background_color_default=\u00bb#e0e0e0&#8243; use_percentages=\u00bboff\u00bb allow_player_pause_default=\u00bboff\u00bb]macOS Mojave[\/et_pb_counter][\/et_pb_counters][\/et_pb_column][\/et_pb_row][\/et_pb_section]<\/p>\n","protected":false},"excerpt":{"rendered":"<p>Sobre nosotrosBienvenidos a COLONFILM. Somos David y Florence, una pareja feliz que comparte la pasi\u00f3n por el dise\u00f1o creativo. Juntos construimos nuestra propia compa\u00f1\u00eda, donde hemos estado trabajando como profesionales del dise\u00f1o gr\u00e1fico y la producci\u00f3n audiovisual por m\u00e1s de 7 a\u00f1os. Hemos ganado varios premios internacionales, incluyendo el mejor dise\u00f1o web en Zaragoza 2015 [&hellip;]<\/p>\n","protected":false},"author":1,"featured_media":0,"parent":0,"menu_order":0,"comment_status":"closed","ping_status":"closed","template":"","meta":{"_et_pb_use_builder":"on","_et_pb_old_content":"","_et_gb_content_width":"","footnotes":""},"class_list":["post-125239","page","type-page","status-publish","hentry"],"_links":{"self":[{"href":"https:\/\/colonfilm.com\/es\/wp-json\/wp\/v2\/pages\/125239","targetHints":{"allow":["GET"]}}],"collection":[{"href":"https:\/\/colonfilm.com\/es\/wp-json\/wp\/v2\/pages"}],"about":[{"href":"https:\/\/colonfilm.com\/es\/wp-json\/wp\/v2\/types\/page"}],"author":[{"embeddable":true,"href":"https:\/\/colonfilm.com\/es\/wp-json\/wp\/v2\/users\/1"}],"replies":[{"embeddable":true,"href":"https:\/\/colonfilm.com\/es\/wp-json\/wp\/v2\/comments?post=125239"}],"version-history":[{"count":1,"href":"https:\/\/colonfilm.com\/es\/wp-json\/wp\/v2\/pages\/125239\/revisions"}],"predecessor-version":[{"id":127781,"href":"https:\/\/colonfilm.com\/es\/wp-json\/wp\/v2\/pages\/125239\/revisions\/127781"}],"wp:attachment":[{"href":"https:\/\/colonfilm.com\/es\/wp-json\/wp\/v2\/media?parent=125239"}],"curies":[{"name":"wp","href":"https:\/\/api.w.org\/{rel}","templated":true}]}}