{"id":125188,"date":"2020-01-20T02:56:57","date_gmt":"2020-01-20T01:56:57","guid":{"rendered":"https:\/\/colonfilm.com\/es\/?page_id=125188"},"modified":"2023-06-10T20:15:28","modified_gmt":"2023-06-10T19:15:28","slug":"otros-disenos","status":"publish","type":"page","link":"https:\/\/colonfilm.com\/es\/otros-disenos\/","title":{"rendered":"Solicitud de Dise\u00f1o Gr\u00e1fico"},"content":{"rendered":"<p>[et_pb_section fb_built=\u00bb1&#8243; disabled_on=\u00bbon|on|\u00bb admin_label=\u00bbPc View\u00bb _builder_version=\u00bb4.16&#8243; background_color=\u00bb#0b0d0c\u00bb custom_padding=\u00bb0px|0px|0px|0px\u00bb global_colors_info=\u00bb{}\u00bb][et_pb_row column_structure=\u00bb1_3,2_3&#8243; use_custom_gutter=\u00bbon\u00bb gutter_width=\u00bb1&#8243; make_equal=\u00bbon\u00bb padding_top_bottom_link_2=\u00bbtrue\u00bb padding_left_right_link_2=\u00bbtrue\u00bb module_class=\u00bb et_pb_row_fullwidth\u00bb _builder_version=\u00bb4.16&#8243; width=\u00bb100%\u00bb width_tablet=\u00bb100%\u00bb width_phone=\u00bb\u00bb width_last_edited=\u00bbon|desktop\u00bb max_width=\u00bb100%\u00bb max_width_tablet=\u00bb100%\u00bb max_width_phone=\u00bb\u00bb max_width_last_edited=\u00bbon|desktop\u00bb custom_margin=\u00bb0px|0px|0px|0px\u00bb custom_padding=\u00bb0px|0px|0px|0px\u00bb make_fullwidth=\u00bbon\u00bb global_colors_info=\u00bb{}\u00bb][et_pb_column type=\u00bb1_3&#8243; _builder_version=\u00bb4.16&#8243; background_image=\u00bbhttps:\/\/colonfilm.com\/es\/wp-content\/uploads\/2020\/01\/Colonfilm-Graphic-Design-Request-Bg-scaled.jpg\u00bb background_position=\u00bbtop_center\u00bb custom_padding=\u00bb350px|50px|100px|50px\u00bb global_colors_info=\u00bb{}\u00bb custom_padding__hover=\u00bb|||\u00bb][et_pb_text admin_label=\u00bbTitulo 1&#8243; _builder_version=\u00bb4.16&#8243; background_layout=\u00bbdark\u00bb module_alignment=\u00bbleft\u00bb border_style=\u00bbsolid\u00bb global_colors_info=\u00bb{}\u00bb]<\/p>\n<h1>Contacto<\/h1>\n<p>&nbsp;[\/et_pb_text][et_pb_blurb title=\u00bbFlor Figueroa\u00bb use_icon=\u00bbon\u00bb font_icon=\u00bb&#xe08a;||divi||400&#8243; icon_color=\u00bb#66378c\u00bb icon_placement=\u00bbleft\u00bb image_icon_width=\u00bb20px\u00bb admin_label=\u00bbNombre\u00bb _builder_version=\u00bb4.16&#8243; header_font=\u00bbMontserrat||||||||\u00bb header_text_color=\u00bb#ffffff\u00bb body_font=\u00bb||||||||\u00bb body_text_color=\u00bb#c39be8&#8243; background_layout=\u00bbdark\u00bb custom_margin=\u00bb||0px\u00bb custom_padding=\u00bb||2vw\u00bb custom_css_blurb_title=\u00bbfont-weight:normal;\u00bb border_style=\u00bbsolid\u00bb icon_font_size=\u00bb20px\u00bb global_colors_info=\u00bb{}\u00bb]<\/p>\n<p>Servicio al cliente<\/p>\n<p>[\/et_pb_blurb][et_pb_blurb title=\u00bbcolonfilm.store@gmail.com\u00bb use_icon=\u00bbon\u00bb font_icon=\u00bb&#xe076;||divi||400&#8243; icon_color=\u00bb#66378c\u00bb icon_placement=\u00bbleft\u00bb image_icon_width=\u00bb20px\u00bb admin_label=\u00bbCorreo\u00bb _builder_version=\u00bb4.16&#8243; header_font=\u00bbMontserrat||||||||\u00bb header_text_color=\u00bb#ffffff\u00bb body_font=\u00bb||||||||\u00bb body_text_color=\u00bb#c39be8&#8243; background_layout=\u00bbdark\u00bb custom_margin=\u00bb||0px\u00bb custom_padding=\u00bb||1vw\u00bb custom_css_blurb_title=\u00bbfont-weight:normal;\u00bb border_style=\u00bbsolid\u00bb icon_font_size=\u00bb20px\u00bb global_colors_info=\u00bb{}\u00bb]&nbsp;[\/et_pb_blurb][et_pb_blurb title=\u00bb(+34) 651 44 39 86&#8243; use_icon=\u00bbon\u00bb font_icon=\u00bb&#xe00b;||divi||400&#8243; icon_color=\u00bb#66378c\u00bb icon_placement=\u00bbleft\u00bb image_icon_width=\u00bb20px\u00bb admin_label=\u00bbTelefono\u00bb _builder_version=\u00bb4.16&#8243; header_font=\u00bbMontserrat||||||||\u00bb header_text_color=\u00bb#ffffff\u00bb body_font=\u00bb||||||||\u00bb body_text_color=\u00bb#c39be8&#8243; background_layout=\u00bbdark\u00bb custom_margin=\u00bb||0px\u00bb custom_padding=\u00bb||1vw\u00bb custom_css_blurb_title=\u00bbfont-weight:normal;\u00bb border_style=\u00bbsolid\u00bb icon_font_size=\u00bb20px\u00bb global_colors_info=\u00bb{}\u00bb]&nbsp;[\/et_pb_blurb][et_pb_blurb title=\u00bbwww.colonfilm.com\/es\/contacto\/\u00bb url=\u00bbhttps:\/\/colonfilm.com\/es\/contacto\/\u00bb use_icon=\u00bbon\u00bb font_icon=\u00bb&#xe0de;||divi||400&#8243; icon_color=\u00bb#66378c\u00bb icon_placement=\u00bbleft\u00bb image_icon_width=\u00bb20px\u00bb admin_label=\u00bbPagina contacto\u00bb _builder_version=\u00bb4.16&#8243; header_font=\u00bbMontserrat||||||||\u00bb header_text_color=\u00bb#ffffff\u00bb body_font=\u00bb||||||||\u00bb body_text_color=\u00bb#c39be8&#8243; background_layout=\u00bbdark\u00bb custom_margin=\u00bb||0px\u00bb custom_padding=\u00bb||1vw\u00bb custom_css_blurb_title=\u00bbfont-weight:normal;\u00bb border_style=\u00bbsolid\u00bb icon_font_size=\u00bb20px\u00bb global_colors_info=\u00bb{}\u00bb]&nbsp;[\/et_pb_blurb][et_pb_blurb title=\u00bbwww.fb.com\/colonfilm\u00bb url=\u00bbhttps:\/\/fb.com\/colonfilm\u00bb use_icon=\u00bbon\u00bb font_icon=\u00bb&#xe0aa;||divi||400&#8243; icon_color=\u00bb#66378c\u00bb icon_placement=\u00bbleft\u00bb image_icon_width=\u00bb20px\u00bb admin_label=\u00bbFacebook\u00bb _builder_version=\u00bb4.16&#8243; header_font=\u00bbMontserrat||||||||\u00bb header_text_color=\u00bb#ffffff\u00bb body_font=\u00bb||||||||\u00bb body_text_color=\u00bb#c39be8&#8243; background_layout=\u00bbdark\u00bb custom_margin=\u00bb||0px\u00bb custom_padding=\u00bb||1vw\u00bb custom_css_blurb_title=\u00bbfont-weight:normal;\u00bb border_style=\u00bbsolid\u00bb icon_font_size=\u00bb20px\u00bb global_colors_info=\u00bb{}\u00bb]&nbsp;[\/et_pb_blurb][et_pb_blurb title=\u00bbSkype: colonfilm.store\u00bb use_icon=\u00bbon\u00bb font_icon=\u00bb&#xe0a2;||divi||400&#8243; icon_color=\u00bb#66378c\u00bb icon_placement=\u00bbleft\u00bb image_icon_width=\u00bb20px\u00bb admin_label=\u00bbSkype\u00bb _builder_version=\u00bb4.16&#8243; header_font=\u00bbMontserrat||||||||\u00bb header_text_color=\u00bb#ffffff\u00bb body_font=\u00bb||||||||\u00bb body_text_color=\u00bb#c39be8&#8243; background_layout=\u00bbdark\u00bb custom_margin=\u00bb||0px\u00bb custom_padding=\u00bb||1vw\u00bb custom_css_blurb_title=\u00bbfont-weight:normal;\u00bb border_style=\u00bbsolid\u00bb icon_font_size=\u00bb20px\u00bb global_colors_info=\u00bb{}\u00bb]&nbsp;[\/et_pb_blurb][et_pb_divider show_divider=\u00bboff\u00bb disabled_on=\u00bbon|on|off\u00bb _builder_version=\u00bb4.16&#8243; hide_on_mobile=\u00bbon\u00bb global_colors_info=\u00bb{}\u00bb][\/et_pb_divider][et_pb_divider show_divider=\u00bboff\u00bb disabled_on=\u00bbon|on|off\u00bb _builder_version=\u00bb4.16&#8243; hide_on_mobile=\u00bbon\u00bb global_colors_info=\u00bb{}\u00bb][\/et_pb_divider][et_pb_text admin_label=\u00bbTitulo 2&#8243; _builder_version=\u00bb4.16&#8243; background_layout=\u00bbdark\u00bb module_alignment=\u00bbleft\u00bb border_style=\u00bbsolid\u00bb global_colors_info=\u00bb{}\u00bb]<\/p>\n<h1>Portafolio<\/h1>\n<p>&nbsp;[\/et_pb_text][et_pb_text _builder_version=\u00bb4.16&#8243; module_alignment=\u00bbleft\u00bb border_style=\u00bbsolid\u00bb global_colors_info=\u00bb{}\u00bb]<span style=\"color: #b2b2b2; font-size: 18px;\">WEBSITE<\/span><br \/>\n<a href=\"https:\/\/colonfilm.com\/es\/portafolio\/\" target=\"_blank\" rel=\"noopener noreferrer\"><span style=\"color: #ffffff; font-size: 18px;\">www.colonfilm.com\/es\/portafolio<\/span><\/a>[\/et_pb_text][et_pb_text _builder_version=\u00bb4.16&#8243; module_alignment=\u00bbleft\u00bb border_style=\u00bbsolid\u00bb global_colors_info=\u00bb{}\u00bb]<span style=\"color: #b2b2b2; font-size: 18px;\">IMDB<\/span><br \/>\n<a href=\"https:\/\/www.imdb.me\/davidcolon\" target=\"_blank\" rel=\"noopener noreferrer\"><span style=\"color: #ffffff; font-size: 18px;\">www.imdb.me\/davidcolon<\/span><\/a>[\/et_pb_text][et_pb_divider show_divider=\u00bboff\u00bb disabled_on=\u00bbon|on|off\u00bb _builder_version=\u00bb4.16&#8243; hide_on_mobile=\u00bbon\u00bb global_colors_info=\u00bb{}\u00bb][\/et_pb_divider][et_pb_divider show_divider=\u00bboff\u00bb disabled_on=\u00bbon|on|off\u00bb _builder_version=\u00bb4.16&#8243; hide_on_mobile=\u00bbon\u00bb global_colors_info=\u00bb{}\u00bb][\/et_pb_divider][et_pb_text admin_label=\u00bbTitulo 3&#8243; _builder_version=\u00bb4.16&#8243; background_layout=\u00bbdark\u00bb module_alignment=\u00bbleft\u00bb border_style=\u00bbsolid\u00bb global_colors_info=\u00bb{}\u00bb]<\/p>\n<h1>Preguntas Frecuentes<\/h1>\n<p>&nbsp;[\/et_pb_text][et_pb_text _builder_version=\u00bb4.16&#8243; module_alignment=\u00bbleft\u00bb border_style=\u00bbsolid\u00bb global_colors_info=\u00bb{}\u00bb]<span style=\"color: #b2b2b2; font-size: 18px;\">WEBSITE<\/span><br \/>\n<a href=\"https:\/\/colonfilm.com\/es\/faqs\/\" target=\"_blank\" rel=\"noopener noreferrer\"><span style=\"color: #ffffff; font-size: 18px;\">www.colonfilm.com\/es\/faqs<\/span><\/a>[\/et_pb_text][et_pb_divider show_divider=\u00bboff\u00bb disabled_on=\u00bbon|on|off\u00bb _builder_version=\u00bb4.16&#8243; hide_on_mobile=\u00bbon\u00bb global_colors_info=\u00bb{}\u00bb][\/et_pb_divider][et_pb_divider show_divider=\u00bboff\u00bb disabled_on=\u00bbon|on|off\u00bb _builder_version=\u00bb4.16&#8243; hide_on_mobile=\u00bbon\u00bb global_colors_info=\u00bb{}\u00bb][\/et_pb_divider][et_pb_text admin_label=\u00bbTitulo 4&#8243; _builder_version=\u00bb4.16&#8243; background_layout=\u00bbdark\u00bb module_alignment=\u00bbleft\u00bb border_style=\u00bbsolid\u00bb global_colors_info=\u00bb{}\u00bb]<\/p>\n<h1>\u00bfQu\u00e9 necesito para comenzar?<\/h1>\n<p>&nbsp;[\/et_pb_text][et_pb_text _builder_version=\u00bb4.16&#8243; module_alignment=\u00bbleft\u00bb border_style=\u00bbsolid\u00bb global_colors_info=\u00bb{}\u00bb]<span style=\"color: #e05fa2; font-size: 18px;\"><strong>Im\u00e1genes |<\/strong> Env\u00edanos las fotos o capturas que quieres incluir en el dise\u00f1o, con la mayor resoluci\u00f3n posible. Si deseas, puedes enviarnos el video original y extraeremos las capturas nosotros mismos, de manera profesional.<\/span>[\/et_pb_text][et_pb_text _builder_version=\u00bb4.16&#8243; module_alignment=\u00bbleft\u00bb border_style=\u00bbsolid\u00bb global_colors_info=\u00bb{}\u00bb]<span style=\"color: #c08fbc; font-size: 18px;\"><strong>Elementos |<\/strong> Logos, emblemas o cualquier otro elemento que quieras incluir en el dise\u00f1o.<\/span>[\/et_pb_text][et_pb_text _builder_version=\u00bb4.16&#8243; module_alignment=\u00bbleft\u00bb border_style=\u00bbsolid\u00bb global_colors_info=\u00bb{}\u00bb]<span style=\"color: #b2afdc; font-size: 18px;\"><strong>Texto |<\/strong> El texto exacto que quieres incluir en el dise\u00f1o, en un archivo editable de texto.<\/span>[\/et_pb_text][et_pb_text _builder_version=\u00bb4.16&#8243; module_alignment=\u00bbleft\u00bb border_style=\u00bbsolid\u00bb global_colors_info=\u00bb{}\u00bb]<span style=\"color: #9fc3e7; font-size: 18px;\"><strong>Ejemplos |<\/strong> Si deseas, puedes enviarnos cualquier ejemplo que nos pueda ayudar a crear algo cercano a lo que buscas.<\/span>[\/et_pb_text][et_pb_text _builder_version=\u00bb4.16&#8243; module_alignment=\u00bbleft\u00bb border_style=\u00bbsolid\u00bb global_colors_info=\u00bb{}\u00bb]<span style=\"color: #7cd2f5; font-size: 18px;\"><strong>Env\u00eda los archivos |<\/strong> Puedes enviarnos todas las im\u00e1genes, videos y documentos necesarios para completar el dise\u00f1o.<\/span>[\/et_pb_text][\/et_pb_column][et_pb_column type=\u00bb2_3&#8243; _builder_version=\u00bb4.16&#8243; background_color=\u00bb#ffffff\u00bb background_position=\u00bbtop_left\u00bb custom_padding=\u00bb3vw|3vw|3vw|3vw\u00bb global_colors_info=\u00bb{}\u00bb custom_padding__hover=\u00bb|||\u00bb][et_pb_text _builder_version=\u00bb4.16&#8243; module_alignment=\u00bbleft\u00bb border_style=\u00bbsolid\u00bb global_colors_info=\u00bb{}\u00bb]<\/p>\n<h1>COLONFILM<\/h1>\n<h2>Solicitud de dise\u00f1o gr\u00e1fico<\/h2>\n<p>[\/et_pb_text][et_pb_divider show_divider=\u00bboff\u00bb disabled_on=\u00bbon|on|off\u00bb _builder_version=\u00bb4.16&#8243; hide_on_mobile=\u00bbon\u00bb global_colors_info=\u00bb{}\u00bb][\/et_pb_divider][et_pb_divider show_divider=\u00bboff\u00bb disabled_on=\u00bbon|on|off\u00bb _builder_version=\u00bb4.16&#8243; hide_on_mobile=\u00bbon\u00bb global_colors_info=\u00bb{}\u00bb][\/et_pb_divider][et_pb_code _builder_version=\u00bb4.21.0&#8243; hover_enabled=\u00bb0&#8243; global_colors_info=\u00bb{}\u00bb sticky_enabled=\u00bb0&#8243;][forminator_form id=\u00bb130240&#8243;][\/et_pb_code][et_pb_code _builder_version=\u00bb4.21.0&#8243; hover_enabled=\u00bb0&#8243; global_colors_info=\u00bb{}\u00bb disabled_on=\u00bbon|on|on\u00bb disabled=\u00bbon\u00bb sticky_enabled=\u00bb0&#8243;][gravityform id=1 title=false description=false][\/et_pb_code][\/et_pb_column][\/et_pb_row][\/et_pb_section][et_pb_section fb_built=\u00bb1&#8243; disabled_on=\u00bboff|off|on\u00bb admin_label=\u00bbPc View\u00bb _builder_version=\u00bb4.16&#8243; background_color=\u00bb#0b0d0c\u00bb custom_padding=\u00bb0px|0px|0px|0px\u00bb global_colors_info=\u00bb{}\u00bb][et_pb_row column_structure=\u00bb1_3,2_3&#8243; use_custom_gutter=\u00bbon\u00bb gutter_width=\u00bb1&#8243; make_equal=\u00bbon\u00bb padding_top_bottom_link_2=\u00bbtrue\u00bb padding_left_right_link_2=\u00bbtrue\u00bb module_class=\u00bb et_pb_row_fullwidth\u00bb _builder_version=\u00bb4.16&#8243; width=\u00bb100%\u00bb width_tablet=\u00bb100%\u00bb width_phone=\u00bb\u00bb width_last_edited=\u00bbon|desktop\u00bb max_width=\u00bb100%\u00bb max_width_tablet=\u00bb100%\u00bb max_width_phone=\u00bb\u00bb max_width_last_edited=\u00bbon|desktop\u00bb custom_margin=\u00bb0px|0px|0px|0px\u00bb custom_padding=\u00bb0px|0px|0px|0px\u00bb make_fullwidth=\u00bbon\u00bb global_colors_info=\u00bb{}\u00bb][et_pb_column type=\u00bb1_3&#8243; _builder_version=\u00bb4.16&#8243; background_image=\u00bbhttps:\/\/colonfilm.com\/es\/wp-content\/uploads\/2020\/01\/Colonfilm-Graphic-Design-Request-Bg-scaled.jpg\u00bb background_position=\u00bbtop_center\u00bb custom_padding=\u00bb350px|50px|100px|50px\u00bb global_colors_info=\u00bb{}\u00bb custom_padding__hover=\u00bb|||\u00bb][et_pb_text admin_label=\u00bbTitulo 1&#8243; _builder_version=\u00bb4.16&#8243; background_layout=\u00bbdark\u00bb module_alignment=\u00bbleft\u00bb border_style=\u00bbsolid\u00bb global_colors_info=\u00bb{}\u00bb]<\/p>\n<h1>Contact<\/h1>\n<p>&nbsp;[\/et_pb_text][et_pb_blurb title=\u00bbFlor Figueroa\u00bb use_icon=\u00bbon\u00bb font_icon=\u00bb&#xe08a;||divi||400&#8243; icon_color=\u00bb#66378c\u00bb icon_placement=\u00bbleft\u00bb image_icon_width=\u00bb20px\u00bb admin_label=\u00bbNombre\u00bb _builder_version=\u00bb4.16&#8243; header_font=\u00bbMontserrat||||||||\u00bb header_text_color=\u00bb#ffffff\u00bb body_font=\u00bb||||||||\u00bb body_text_color=\u00bb#c39be8&#8243; background_layout=\u00bbdark\u00bb custom_margin=\u00bb||0px\u00bb custom_padding=\u00bb||2vw\u00bb custom_css_blurb_title=\u00bbfont-weight:normal;\u00bb border_style=\u00bbsolid\u00bb icon_font_size=\u00bb20px\u00bb global_colors_info=\u00bb{}\u00bb]<\/p>\n<p>Servicio al cliente<\/p>\n<p>[\/et_pb_blurb][et_pb_blurb title=\u00bbcolonfilm.store@gmail.com\u00bb use_icon=\u00bbon\u00bb font_icon=\u00bb&#xe076;||divi||400&#8243; icon_color=\u00bb#66378c\u00bb icon_placement=\u00bbleft\u00bb image_icon_width=\u00bb20px\u00bb admin_label=\u00bbCorreo\u00bb _builder_version=\u00bb4.16&#8243; header_font=\u00bbMontserrat||||||||\u00bb header_text_color=\u00bb#ffffff\u00bb body_font=\u00bb||||||||\u00bb body_text_color=\u00bb#c39be8&#8243; background_layout=\u00bbdark\u00bb custom_margin=\u00bb||0px\u00bb custom_padding=\u00bb||1vw\u00bb custom_css_blurb_title=\u00bbfont-weight:normal;\u00bb border_style=\u00bbsolid\u00bb icon_font_size=\u00bb20px\u00bb global_colors_info=\u00bb{}\u00bb]&nbsp;[\/et_pb_blurb][et_pb_blurb title=\u00bbwww.colonfilm.com\/es\/contacto\/\u00bb url=\u00bbhttps:\/\/colonfilm.com\/es\/contacto\/\u00bb use_icon=\u00bbon\u00bb font_icon=\u00bb&#xe0de;||divi||400&#8243; icon_color=\u00bb#66378c\u00bb icon_placement=\u00bbleft\u00bb image_icon_width=\u00bb20px\u00bb admin_label=\u00bbPagina contacto\u00bb _builder_version=\u00bb4.16&#8243; header_font=\u00bbMontserrat||||||||\u00bb header_text_color=\u00bb#ffffff\u00bb body_font=\u00bb||||||||\u00bb body_text_color=\u00bb#c39be8&#8243; background_layout=\u00bbdark\u00bb custom_margin=\u00bb||0px\u00bb custom_padding=\u00bb||1vw\u00bb custom_css_blurb_title=\u00bbfont-weight:normal;\u00bb border_style=\u00bbsolid\u00bb icon_font_size=\u00bb20px\u00bb global_colors_info=\u00bb{}\u00bb]&nbsp;[\/et_pb_blurb][et_pb_blurb title=\u00bbwww.fb.com\/colonfilm\u00bb url=\u00bbhttps:\/\/fb.com\/colonfilm\u00bb use_icon=\u00bbon\u00bb font_icon=\u00bb&#xe0aa;||divi||400&#8243; icon_color=\u00bb#66378c\u00bb icon_placement=\u00bbleft\u00bb image_icon_width=\u00bb20px\u00bb admin_label=\u00bbFacebook\u00bb _builder_version=\u00bb4.16&#8243; header_font=\u00bbMontserrat||||||||\u00bb header_text_color=\u00bb#ffffff\u00bb body_font=\u00bb||||||||\u00bb body_text_color=\u00bb#c39be8&#8243; background_layout=\u00bbdark\u00bb custom_margin=\u00bb||0px\u00bb custom_padding=\u00bb||1vw\u00bb custom_css_blurb_title=\u00bbfont-weight:normal;\u00bb border_style=\u00bbsolid\u00bb icon_font_size=\u00bb20px\u00bb global_colors_info=\u00bb{}\u00bb]&nbsp;[\/et_pb_blurb][et_pb_blurb title=\u00bbSkype: colonfilm.store\u00bb use_icon=\u00bbon\u00bb font_icon=\u00bb&#xe0a2;||divi||400&#8243; icon_color=\u00bb#66378c\u00bb icon_placement=\u00bbleft\u00bb image_icon_width=\u00bb20px\u00bb admin_label=\u00bbSkype\u00bb _builder_version=\u00bb4.16&#8243; header_font=\u00bbMontserrat||||||||\u00bb header_text_color=\u00bb#ffffff\u00bb body_font=\u00bb||||||||\u00bb body_text_color=\u00bb#c39be8&#8243; background_layout=\u00bbdark\u00bb custom_margin=\u00bb||0px\u00bb custom_padding=\u00bb||1vw\u00bb custom_css_blurb_title=\u00bbfont-weight:normal;\u00bb border_style=\u00bbsolid\u00bb icon_font_size=\u00bb20px\u00bb global_colors_info=\u00bb{}\u00bb]&nbsp;[\/et_pb_blurb][et_pb_divider show_divider=\u00bboff\u00bb disabled_on=\u00bboff\u00bb _builder_version=\u00bb4.16&#8243; hide_on_mobile=\u00bboff\u00bb global_colors_info=\u00bb{}\u00bb][\/et_pb_divider][et_pb_divider show_divider=\u00bboff\u00bb disabled_on=\u00bboff\u00bb _builder_version=\u00bb4.16&#8243; hide_on_mobile=\u00bboff\u00bb global_colors_info=\u00bb{}\u00bb][\/et_pb_divider][et_pb_text admin_label=\u00bbTitulo 2&#8243; _builder_version=\u00bb4.16&#8243; background_layout=\u00bbdark\u00bb module_alignment=\u00bbleft\u00bb border_style=\u00bbsolid\u00bb global_colors_info=\u00bb{}\u00bb]<\/p>\n<h1>Portfolio<\/h1>\n<p>&nbsp;[\/et_pb_text][et_pb_text _builder_version=\u00bb4.16&#8243; module_alignment=\u00bbleft\u00bb border_style=\u00bbsolid\u00bb global_colors_info=\u00bb{}\u00bb]<span style=\"color: #b2b2b2; font-size: 18px;\">WEBSITE<\/span><br \/>\n<a href=\"https:\/\/colonfilm.com\/es\/portafolio\/\" target=\"_blank\" rel=\"noopener noreferrer\"><span style=\"color: #ffffff; font-size: 18px;\">www.colonfilm.com\/es\/portafolio<\/span><\/a>[\/et_pb_text][et_pb_text _builder_version=\u00bb4.16&#8243; module_alignment=\u00bbleft\u00bb border_style=\u00bbsolid\u00bb global_colors_info=\u00bb{}\u00bb]<span style=\"color: #b2b2b2; font-size: 18px;\">IMDB<\/span><br \/>\n<a href=\"https:\/\/www.imdb.me\/davidcolon\" target=\"_blank\" rel=\"noopener noreferrer\"><span style=\"color: #ffffff; font-size: 18px;\">www.imdb.me\/davidcolon<\/span><\/a>[\/et_pb_text][et_pb_divider show_divider=\u00bboff\u00bb disabled_on=\u00bboff\u00bb _builder_version=\u00bb4.16&#8243; hide_on_mobile=\u00bboff\u00bb global_colors_info=\u00bb{}\u00bb][\/et_pb_divider][et_pb_divider show_divider=\u00bboff\u00bb disabled_on=\u00bboff\u00bb _builder_version=\u00bb4.16&#8243; hide_on_mobile=\u00bboff\u00bb global_colors_info=\u00bb{}\u00bb][\/et_pb_divider][et_pb_text admin_label=\u00bbTitulo 3&#8243; _builder_version=\u00bb4.16&#8243; background_layout=\u00bbdark\u00bb module_alignment=\u00bbleft\u00bb border_style=\u00bbsolid\u00bb global_colors_info=\u00bb{}\u00bb]<\/p>\n<h1>Preguntas frecuentes<\/h1>\n<p>&nbsp;[\/et_pb_text][et_pb_text _builder_version=\u00bb4.16&#8243; module_alignment=\u00bbleft\u00bb border_style=\u00bbsolid\u00bb global_colors_info=\u00bb{}\u00bb]<span style=\"color: #b2b2b2; font-size: 18px;\">WEBSITE<\/span><br \/>\n<a href=\"https:\/\/colonfilm.com\/es\/faqs\/\" target=\"_blank\" rel=\"noopener noreferrer\"><span style=\"color: #ffffff; font-size: 18px;\">www.colonfilm.com\/es\/faqs<\/span><\/a>[\/et_pb_text][et_pb_divider show_divider=\u00bboff\u00bb disabled_on=\u00bboff\u00bb _builder_version=\u00bb4.16&#8243; hide_on_mobile=\u00bboff\u00bb global_colors_info=\u00bb{}\u00bb][\/et_pb_divider][et_pb_divider show_divider=\u00bboff\u00bb disabled_on=\u00bboff\u00bb _builder_version=\u00bb4.16&#8243; hide_on_mobile=\u00bboff\u00bb global_colors_info=\u00bb{}\u00bb][\/et_pb_divider][et_pb_text admin_label=\u00bbTitulo 4&#8243; _builder_version=\u00bb4.16&#8243; background_layout=\u00bbdark\u00bb module_alignment=\u00bbleft\u00bb border_style=\u00bbsolid\u00bb global_colors_info=\u00bb{}\u00bb]<\/p>\n<h1>\u00bfQu\u00e9 necesito para empezar?<\/h1>\n<p>&nbsp;[\/et_pb_text][et_pb_text _builder_version=\u00bb4.16&#8243; module_alignment=\u00bbleft\u00bb border_style=\u00bbsolid\u00bb global_colors_info=\u00bb{}\u00bb]<span style=\"color: #e05fa2; font-size: 18px;\"><strong>Im\u00e1genes |<\/strong> Env\u00edanos las fotos o capturas que quieres incluir en el dise\u00f1o, con la mayor resoluci\u00f3n posible. Si deseas, puedes enviarnos el video original y extraeremos las capturas nosotros mismos, de manera profesional.<\/span>[\/et_pb_text][et_pb_text _builder_version=\u00bb4.16&#8243; module_alignment=\u00bbleft\u00bb border_style=\u00bbsolid\u00bb global_colors_info=\u00bb{}\u00bb]<span style=\"color: #c08fbc; font-size: 18px;\"><strong>Elementos |<\/strong> Logos, emblemas o cualquier otro elemento que quieras incluir en el dise\u00f1o.<\/span>[\/et_pb_text][et_pb_text _builder_version=\u00bb4.16&#8243; module_alignment=\u00bbleft\u00bb border_style=\u00bbsolid\u00bb global_colors_info=\u00bb{}\u00bb]<span style=\"color: #b2afdc; font-size: 18px;\"><strong>Texto |<\/strong> El texto exacto que quieres incluir en el dise\u00f1o, en un archivo editable de texto.<\/span>[\/et_pb_text][et_pb_text _builder_version=\u00bb4.16&#8243; module_alignment=\u00bbleft\u00bb border_style=\u00bbsolid\u00bb global_colors_info=\u00bb{}\u00bb]<span style=\"color: #9fc3e7; font-size: 18px;\"><strong>Ejemplos |<\/strong> Si deseas, puedes enviarnos cualquier ejemplo que nos pueda ayudar a crear algo cercano a lo que buscas.<\/span>[\/et_pb_text][et_pb_text _builder_version=\u00bb4.16&#8243; module_alignment=\u00bbleft\u00bb border_style=\u00bbsolid\u00bb global_colors_info=\u00bb{}\u00bb]<span style=\"color: #7cd2f5; font-size: 18px;\"><strong>Env\u00eda los archivos |<\/strong> Puedes enviarnos todas las im\u00e1genes, videos y documentos necesarios para completar el dise\u00f1o.<\/span>[\/et_pb_text][\/et_pb_column][et_pb_column type=\u00bb2_3&#8243; _builder_version=\u00bb4.16&#8243; background_color=\u00bb#ffffff\u00bb background_position=\u00bbtop_left\u00bb custom_padding=\u00bb3vw|3vw|3vw|3vw\u00bb global_colors_info=\u00bb{}\u00bb custom_padding__hover=\u00bb|||\u00bb][et_pb_text _builder_version=\u00bb4.16&#8243; module_alignment=\u00bbleft\u00bb border_style=\u00bbsolid\u00bb global_colors_info=\u00bb{}\u00bb]<\/p>\n<h1>COLONFILM<\/h1>\n<h2>Graphic Design Request<\/h2>\n<p>[\/et_pb_text][et_pb_divider show_divider=\u00bboff\u00bb disabled_on=\u00bbon|on|off\u00bb _builder_version=\u00bb4.16&#8243; hide_on_mobile=\u00bbon\u00bb global_colors_info=\u00bb{}\u00bb][\/et_pb_divider][et_pb_divider show_divider=\u00bboff\u00bb disabled_on=\u00bbon|on|off\u00bb _builder_version=\u00bb4.16&#8243; hide_on_mobile=\u00bbon\u00bb global_colors_info=\u00bb{}\u00bb][\/et_pb_divider][et_pb_code _builder_version=\u00bb4.21.0&#8243; hover_enabled=\u00bb0&#8243; global_colors_info=\u00bb{}\u00bb sticky_enabled=\u00bb0&#8243;][forminator_form id=\u00bb130240&#8243;][\/et_pb_code][et_pb_code _builder_version=\u00bb4.21.0&#8243; hover_enabled=\u00bb0&#8243; global_colors_info=\u00bb{}\u00bb disabled_on=\u00bbon|on|on\u00bb disabled=\u00bbon\u00bb sticky_enabled=\u00bb0&#8243;][gravityform id=2 title=false description=false][\/et_pb_code][\/et_pb_column][\/et_pb_row][\/et_pb_section]<\/p>\n","protected":false},"excerpt":{"rendered":"<p>Contacto &nbsp;Servicio al cliente&nbsp;&nbsp;&nbsp;&nbsp;&nbsp;Portafolio &nbsp;WEBSITE www.colonfilm.com\/es\/portafolioIMDB www.imdb.me\/davidcolonPreguntas Frecuentes &nbsp;WEBSITE www.colonfilm.com\/es\/faqs\u00bfQu\u00e9 necesito para comenzar? &nbsp;Im\u00e1genes | Env\u00edanos las fotos o capturas que quieres incluir en el dise\u00f1o, con la mayor resoluci\u00f3n posible. Si deseas, puedes enviarnos el video original y extraeremos las capturas nosotros mismos, de manera profesional.Elementos | Logos, emblemas o cualquier otro elemento que [&hellip;]<\/p>\n","protected":false},"author":1,"featured_media":0,"parent":0,"menu_order":0,"comment_status":"closed","ping_status":"closed","template":"","meta":{"_et_pb_use_builder":"on","_et_pb_old_content":"","_et_gb_content_width":"","footnotes":""},"class_list":["post-125188","page","type-page","status-publish","hentry"],"_links":{"self":[{"href":"https:\/\/colonfilm.com\/es\/wp-json\/wp\/v2\/pages\/125188","targetHints":{"allow":["GET"]}}],"collection":[{"href":"https:\/\/colonfilm.com\/es\/wp-json\/wp\/v2\/pages"}],"about":[{"href":"https:\/\/colonfilm.com\/es\/wp-json\/wp\/v2\/types\/page"}],"author":[{"embeddable":true,"href":"https:\/\/colonfilm.com\/es\/wp-json\/wp\/v2\/users\/1"}],"replies":[{"embeddable":true,"href":"https:\/\/colonfilm.com\/es\/wp-json\/wp\/v2\/comments?post=125188"}],"version-history":[{"count":1,"href":"https:\/\/colonfilm.com\/es\/wp-json\/wp\/v2\/pages\/125188\/revisions"}],"predecessor-version":[{"id":130242,"href":"https:\/\/colonfilm.com\/es\/wp-json\/wp\/v2\/pages\/125188\/revisions\/130242"}],"wp:attachment":[{"href":"https:\/\/colonfilm.com\/es\/wp-json\/wp\/v2\/media?parent=125188"}],"curies":[{"name":"wp","href":"https:\/\/api.w.org\/{rel}","templated":true}]}}