{"id":125139,"date":"2020-01-19T20:38:25","date_gmt":"2020-01-19T19:38:25","guid":{"rendered":"https:\/\/colonfilm.com\/es\/?page_id=125139"},"modified":"2023-08-23T18:32:59","modified_gmt":"2023-08-23T17:32:59","slug":"contratanos","status":"publish","type":"page","link":"https:\/\/colonfilm.com\/es\/contratanos\/","title":{"rendered":"Contr\u00e1tanos"},"content":{"rendered":"<p>[et_pb_section fb_built=\u00bb1&#8243; _builder_version=\u00bb4.16&#8243; background_color=\u00bb#000000&#8243; custom_margin=\u00bb0px|0px|0px|0px|true|true\u00bb custom_padding=\u00bb0px|0px|0px|0px|true|false\u00bb global_colors_info=\u00bb{}\u00bb][et_pb_row column_structure=\u00bb1_4,1_4,1_4,1_4&#8243; use_custom_gutter=\u00bbon\u00bb gutter_width=\u00bb1&#8243; make_equal=\u00bbon\u00bb padding_top_bottom_link_1=\u00bbfalse\u00bb padding_top_bottom_link_2=\u00bbfalse\u00bb padding_top_bottom_link_3=\u00bbfalse\u00bb padding_top_bottom_link_4=\u00bbfalse\u00bb padding_left_right_link_1=\u00bbtrue\u00bb padding_left_right_link_2=\u00bbtrue\u00bb padding_left_right_link_3=\u00bbtrue\u00bb padding_left_right_link_4=\u00bbtrue\u00bb module_class=\u00bb et_pb_row_fullwidth\u00bb _builder_version=\u00bb4.22.0&#8243; background_image=\u00bbhttps:\/\/colonfilm.com\/es\/wp-content\/uploads\/2021\/01\/header-bg-2-new@colonfilm.webp\u00bb width=\u00bb100%\u00bb width_tablet=\u00bb100%\u00bb width_phone=\u00bb\u00bb width_last_edited=\u00bbon|desktop\u00bb max_width=\u00bb100%\u00bb max_width_tablet=\u00bb100%\u00bb max_width_phone=\u00bb\u00bb max_width_last_edited=\u00bbon|desktop\u00bb module_alignment=\u00bbcenter\u00bb custom_margin=\u00bb0px|0px|0px|0px|true|true\u00bb custom_padding=\u00bb0px|0px|0px|0px|true|true\u00bb hover_enabled=\u00bb0&#8243; make_fullwidth=\u00bbon\u00bb global_colors_info=\u00bb{}\u00bb background_color_1__hover_enabled=\u00bbon\u00bb background_color_1__hover=\u00bbrgba(0,0,0,0)\u00bb background_color_2__hover_enabled=\u00bbon\u00bb background_color_2__hover=\u00bbrgba(0,0,0,0)\u00bb background_color_3__hover_enabled=\u00bbon\u00bb background_color_3__hover=\u00bbrgba(0,0,0,0)\u00bb background_color_4__hover_enabled=\u00bbon\u00bb background_color_4__hover=\u00bbrgba(0,0,0,0)\u00bb sticky_enabled=\u00bb0&#8243;][et_pb_column type=\u00bb1_4&#8243; _builder_version=\u00bb4.22.0&#8243; background_color=\u00bb#000000&#8243; background_image=\u00bbhttps:\/\/colonfilm.com\/es\/wp-content\/uploads\/2020\/01\/posters-full-transp-2.png\u00bb background_size=\u00bbcontain\u00bb background_position=\u00bbbottom_center\u00bb background_blend=\u00bboverlay\u00bb custom_padding=\u00bb8vw||19vw|\u00bb hover_enabled=\u00bb0&#8243; background_last_edited=\u00bboff|desktop\u00bb global_colors_info=\u00bb{}\u00bb background_color__hover=\u00bbrgba(0,0,0,0)\u00bb background_color__hover_enabled=\u00bbon\u00bb custom_padding__hover=\u00bb|||\u00bb background__hover_enabled=\u00bbon|hover\u00bb background_enable_color__hover=\u00bbon\u00bb background_image__hover=\u00bbhttps:\/\/colonfilm.com\/es\/wp-content\/uploads\/2021\/01\/libros-full-transp-2-NEW.webp\u00bb background_enable_image__hover=\u00bbon\u00bb title_text__hover=\u00bblibros-full-transp-2-NEW\u00bb sticky_enabled=\u00bb0&#8243;][et_pb_text _builder_version=\u00bb4.22.0&#8243; header_font=\u00bbMontserrat||||||||\u00bb header_text_align=\u00bbcenter\u00bb header_text_color=\u00bb#ffffff\u00bb header_font_size=\u00bb3vw\u00bb header_2_font=\u00bb||||||||\u00bb header_2_text_align=\u00bbcenter\u00bb header_2_text_color=\u00bb#ffffff\u00bb header_2_font_size=\u00bb2vw\u00bb header_2_line_height=\u00bb1.2em\u00bb link_option_url=\u00bb\/es\/portadas-de-libros\/\u00bb hover_enabled=\u00bb0&#8243; global_colors_info=\u00bb{}\u00bb sticky_enabled=\u00bb0&#8243;]<\/p>\n<h2>Portadas<br \/>\nde libros<\/h2>\n<p>[\/et_pb_text][et_pb_divider color=\u00bb#ffffff\u00bb divider_position=\u00bbcenter\u00bb divider_weight=\u00bb5px\u00bb _builder_version=\u00bb4.22.0&#8243; max_width=\u00bb29%\u00bb module_alignment=\u00bbcenter\u00bb height=\u00bb0px\u00bb custom_padding=\u00bb2vw||5vw||false\u00bb link_option_url=\u00bb\/es\/portadas-de-libros\/\u00bb hover_enabled=\u00bb0&#8243; global_colors_info=\u00bb{}\u00bb sticky_enabled=\u00bb0&#8243;][\/et_pb_divider][et_pb_text _builder_version=\u00bb4.22.0&#8243; text_font=\u00bb||||||||\u00bb text_orientation=\u00bbcenter\u00bb background_layout=\u00bbdark\u00bb link_option_url=\u00bb\/es\/portadas-de-libros\/\u00bb hover_enabled=\u00bb0&#8243; text_font_size_tablet=\u00bb37px\u00bb text_font_size_phone=\u00bb18px\u00bb text_font_size_last_edited=\u00bboff|phone\u00bb custom_css_main_element=\u00bbvertical-align:middle!important;\u00bb global_colors_info=\u00bb{}\u00bb sticky_enabled=\u00bb0&#8243;]<\/p>\n<p>Obt\u00e9n mas informaci\u00f3n y ordena<br \/>tu dise\u00f1o de portada de libro.<\/p>\n<p>[\/et_pb_text][\/et_pb_column][et_pb_column type=\u00bb1_4&#8243; _builder_version=\u00bb4.16&#8243; background_color=\u00bb#000000&#8243; background_image=\u00bbhttps:\/\/colonfilm.com\/es\/wp-content\/uploads\/2020\/01\/posters-full-transp-2.png\u00bb background_size=\u00bbcontain\u00bb background_position=\u00bbbottom_center\u00bb background_blend=\u00bboverlay\u00bb custom_padding=\u00bb8vw||19vw|\u00bb global_colors_info=\u00bb{}\u00bb background_color__hover=\u00bbrgba(0,0,0,0)\u00bb background_color__hover_enabled=\u00bbon\u00bb custom_padding__hover=\u00bb|||\u00bb background__hover_enabled=\u00bbon|hover\u00bb title_text__hover=\u00bbposters-full-transp-2-NEW\u00bb background_image__hover=\u00bbhttps:\/\/colonfilm.com\/es\/wp-content\/uploads\/2021\/01\/posters-full-transp-2-NEW.webp\u00bb background_enable_image__hover=\u00bbon\u00bb][et_pb_text _builder_version=\u00bb4.22.0&#8243; header_font=\u00bbMontserrat||||||||\u00bb header_text_align=\u00bbcenter\u00bb header_text_color=\u00bb#ffffff\u00bb header_font_size=\u00bb3vw\u00bb header_2_font=\u00bb||||||||\u00bb header_2_text_align=\u00bbcenter\u00bb header_2_text_color=\u00bb#ffffff\u00bb header_2_font_size=\u00bb2vw\u00bb header_2_line_height=\u00bb1.2em\u00bb link_option_url=\u00bb\/es\/posters-de-cine\/\u00bb hover_enabled=\u00bb0&#8243; global_colors_info=\u00bb{}\u00bb sticky_enabled=\u00bb0&#8243;]<\/p>\n<h2>Posters<br \/>de cine<\/h2>\n<p>[\/et_pb_text][et_pb_divider color=\u00bb#ffffff\u00bb divider_position=\u00bbcenter\u00bb divider_weight=\u00bb5px\u00bb _builder_version=\u00bb4.22.0&#8243; max_width=\u00bb29%\u00bb module_alignment=\u00bbcenter\u00bb height=\u00bb0px\u00bb custom_padding=\u00bb2vw||5vw||false\u00bb link_option_url=\u00bb\/es\/posters-de-cine\/\u00bb hover_enabled=\u00bb0&#8243; global_colors_info=\u00bb{}\u00bb sticky_enabled=\u00bb0&#8243;][\/et_pb_divider][et_pb_text _builder_version=\u00bb4.22.0&#8243; text_font=\u00bb||||||||\u00bb text_orientation=\u00bbcenter\u00bb background_layout=\u00bbdark\u00bb link_option_url=\u00bb\/es\/posters-de-cine\/\u00bb hover_enabled=\u00bb0&#8243; text_font_size_tablet=\u00bb37px\u00bb text_font_size_phone=\u00bb18px\u00bb text_font_size_last_edited=\u00bboff|phone\u00bb custom_css_main_element=\u00bbvertical-align:middle!important;\u00bb global_colors_info=\u00bb{}\u00bb sticky_enabled=\u00bb0&#8243;]<\/p>\n<p>Obt\u00e9n mas informaci\u00f3n y ordena<br \/>tu dise\u00f1o de poster de cine.<\/p>\n<p>[\/et_pb_text][\/et_pb_column][et_pb_column type=\u00bb1_4&#8243; _builder_version=\u00bb4.16&#8243; background_color=\u00bb#000000&#8243; background_image=\u00bbhttps:\/\/colonfilm.com\/es\/wp-content\/uploads\/2020\/01\/posters-full-minimalist.png\u00bb background_size=\u00bbcontain\u00bb background_position=\u00bbbottom_center\u00bb background_blend=\u00bboverlay\u00bb custom_padding=\u00bb8vw||19vw|\u00bb global_colors_info=\u00bb{}\u00bb background_color__hover=\u00bbrgba(0,0,0,0)\u00bb background_color__hover_enabled=\u00bbon\u00bb custom_padding__hover=\u00bb|||\u00bb background__hover_enabled=\u00bbon|hover\u00bb title_text__hover=\u00bbposters-full-minimalist-NEW\u00bb background_image__hover=\u00bbhttps:\/\/colonfilm.com\/es\/wp-content\/uploads\/2021\/01\/posters-full-minimalist-NEW.webp\u00bb background_enable_image__hover=\u00bbon\u00bb][et_pb_text _builder_version=\u00bb4.22.0&#8243; header_font=\u00bbMontserrat||||||||\u00bb header_text_align=\u00bbcenter\u00bb header_text_color=\u00bb#ffffff\u00bb header_font_size=\u00bb3vw\u00bb header_2_font=\u00bb||||||||\u00bb header_2_text_align=\u00bbcenter\u00bb header_2_text_color=\u00bb#ffffff\u00bb header_2_font_size=\u00bb2vw\u00bb header_2_line_height=\u00bb1.2em\u00bb link_option_url=\u00bb\/es\/poster-minimalista\/\u00bb global_colors_info=\u00bb{}\u00bb]<\/p>\n<h2>Poster<br \/>Minimalista<\/h2>\n<p>[\/et_pb_text][et_pb_divider color=\u00bb#ffffff\u00bb divider_position=\u00bbcenter\u00bb divider_weight=\u00bb5px\u00bb _builder_version=\u00bb4.22.0&#8243; max_width=\u00bb29%\u00bb module_alignment=\u00bbcenter\u00bb height=\u00bb0px\u00bb custom_padding=\u00bb2vw||5vw||false\u00bb link_option_url=\u00bb\/es\/poster-minimalista\/\u00bb hover_enabled=\u00bb0&#8243; global_colors_info=\u00bb{}\u00bb sticky_enabled=\u00bb0&#8243;][\/et_pb_divider][et_pb_text _builder_version=\u00bb4.22.0&#8243; text_font=\u00bb||||||||\u00bb text_orientation=\u00bbcenter\u00bb background_layout=\u00bbdark\u00bb link_option_url=\u00bb\/es\/poster-minimalista\/\u00bb hover_enabled=\u00bb0&#8243; text_font_size_tablet=\u00bb37px\u00bb text_font_size_phone=\u00bb18px\u00bb text_font_size_last_edited=\u00bboff|phone\u00bb custom_css_main_element=\u00bbvertical-align:middle!important;\u00bb global_colors_info=\u00bb{}\u00bb sticky_enabled=\u00bb0&#8243;]<\/p>\n<p>Obt\u00e9n mas informaci\u00f3n y ordena<br \/>tu dise\u00f1o de poster minimalista.<\/p>\n<p>[\/et_pb_text][\/et_pb_column][et_pb_column type=\u00bb1_4&#8243; _builder_version=\u00bb4.16&#8243; background_color=\u00bb#000000&#8243; background_image=\u00bbhttps:\/\/colonfilm.com\/es\/wp-content\/uploads\/2020\/01\/otros-disenos-full-transp-2.png\u00bb background_size=\u00bbcontain\u00bb background_position=\u00bbbottom_center\u00bb background_blend=\u00bboverlay\u00bb custom_padding=\u00bb8vw||19vw|\u00bb global_colors_info=\u00bb{}\u00bb background_color__hover=\u00bbrgba(0,0,0,0)\u00bb background_color__hover_enabled=\u00bbon\u00bb custom_padding__hover=\u00bb|||\u00bb background__hover_enabled=\u00bbon|hover\u00bb title_text__hover=\u00bbotros-disenos-full-transp-2-NEW\u00bb background_image__hover=\u00bbhttps:\/\/colonfilm.com\/es\/wp-content\/uploads\/2021\/01\/otros-disenos-full-transp-2-NEW.webp\u00bb background_enable_image__hover=\u00bbon\u00bb][et_pb_text _builder_version=\u00bb4.22.0&#8243; header_font=\u00bbMontserrat||||||||\u00bb header_text_align=\u00bbcenter\u00bb header_text_color=\u00bb#ffffff\u00bb header_font_size=\u00bb3vw\u00bb header_2_font=\u00bb||||||||\u00bb header_2_text_align=\u00bbcenter\u00bb header_2_text_color=\u00bb#ffffff\u00bb header_2_font_size=\u00bb2vw\u00bb header_2_line_height=\u00bb1.2em\u00bb link_option_url=\u00bb\/es\/otros-disenos\/\u00bb global_colors_info=\u00bb{}\u00bb]<\/p>\n<h2>Otros<br \/>Dise\u00f1os<\/h2>\n<p>[\/et_pb_text][et_pb_divider color=\u00bb#ffffff\u00bb divider_position=\u00bbcenter\u00bb divider_weight=\u00bb5px\u00bb _builder_version=\u00bb4.22.0&#8243; max_width=\u00bb29%\u00bb module_alignment=\u00bbcenter\u00bb height=\u00bb0px\u00bb custom_padding=\u00bb2vw||5vw||false\u00bb link_option_url=\u00bb\/other-designs\u00bb hover_enabled=\u00bb0&#8243; global_colors_info=\u00bb{}\u00bb sticky_enabled=\u00bb0&#8243;][\/et_pb_divider][et_pb_text _builder_version=\u00bb4.22.0&#8243; text_font=\u00bb||||||||\u00bb text_orientation=\u00bbcenter\u00bb background_layout=\u00bbdark\u00bb link_option_url=\u00bb\/es\/otros-disenos\/\u00bb hover_enabled=\u00bb0&#8243; text_font_size_tablet=\u00bb37px\u00bb text_font_size_phone=\u00bb18px\u00bb text_font_size_last_edited=\u00bboff|phone\u00bb custom_css_main_element=\u00bbvertical-align:middle!important;\u00bb global_colors_info=\u00bb{}\u00bb sticky_enabled=\u00bb0&#8243;]<\/p>\n<p>Obt\u00e9n mas informaci\u00f3n<br \/>y ordena otro tipo de dise\u00f1o.<\/p>\n<p>[\/et_pb_text][\/et_pb_column][\/et_pb_row][\/et_pb_section]<\/p>\n","protected":false},"excerpt":{"rendered":"<p>Portadas de librosObt\u00e9n mas informaci\u00f3n y ordenatu dise\u00f1o de portada de libro.Postersde cineObt\u00e9n mas informaci\u00f3n y ordenatu dise\u00f1o de poster de cine.PosterMinimalistaObt\u00e9n mas informaci\u00f3n y ordenatu dise\u00f1o de poster minimalista.OtrosDise\u00f1osObt\u00e9n mas informaci\u00f3ny ordena otro tipo de dise\u00f1o.<\/p>\n","protected":false},"author":1,"featured_media":0,"parent":0,"menu_order":0,"comment_status":"closed","ping_status":"closed","template":"","meta":{"_et_pb_use_builder":"on","_et_pb_old_content":"","_et_gb_content_width":"","footnotes":""},"class_list":["post-125139","page","type-page","status-publish","hentry"],"_links":{"self":[{"href":"https:\/\/colonfilm.com\/es\/wp-json\/wp\/v2\/pages\/125139","targetHints":{"allow":["GET"]}}],"collection":[{"href":"https:\/\/colonfilm.com\/es\/wp-json\/wp\/v2\/pages"}],"about":[{"href":"https:\/\/colonfilm.com\/es\/wp-json\/wp\/v2\/types\/page"}],"author":[{"embeddable":true,"href":"https:\/\/colonfilm.com\/es\/wp-json\/wp\/v2\/users\/1"}],"replies":[{"embeddable":true,"href":"https:\/\/colonfilm.com\/es\/wp-json\/wp\/v2\/comments?post=125139"}],"version-history":[{"count":2,"href":"https:\/\/colonfilm.com\/es\/wp-json\/wp\/v2\/pages\/125139\/revisions"}],"predecessor-version":[{"id":130300,"href":"https:\/\/colonfilm.com\/es\/wp-json\/wp\/v2\/pages\/125139\/revisions\/130300"}],"wp:attachment":[{"href":"https:\/\/colonfilm.com\/es\/wp-json\/wp\/v2\/media?parent=125139"}],"curies":[{"name":"wp","href":"https:\/\/api.w.org\/{rel}","templated":true}]}}